{"id":1443,"date":"2025-04-03T10:20:20","date_gmt":"2025-04-03T08:20:20","guid":{"rendered":"https:\/\/so-ceramic.fr\/?page_id=1443"},"modified":"2025-10-26T15:05:35","modified_gmt":"2025-10-26T14:05:35","slug":"cours_duo","status":"publish","type":"page","link":"https:\/\/so-ceramic.fr\/index.php\/cours_duo\/","title":{"rendered":"cours_duo"},"content":{"rendered":"\n<div class=\"wp-block-cover alignfull is-light\" style=\"min-height:580px;aspect-ratio:unset;\"><img loading=\"lazy\" decoding=\"async\" width=\"2000\" height=\"1333\" class=\"wp-block-cover__image-background wp-image-1382\" alt=\"\" src=\"https:\/\/so-ceramic.fr\/wp-content\/uploads\/2025\/03\/7688.jpg\" data-object-fit=\"cover\" srcset=\"https:\/\/so-ceramic.fr\/wp-content\/uploads\/2025\/03\/7688.jpg 2000w, https:\/\/so-ceramic.fr\/wp-content\/uploads\/2025\/03\/7688-300x200.jpg 300w, https:\/\/so-ceramic.fr\/wp-content\/uploads\/2025\/03\/7688-1024x682.jpg 1024w, https:\/\/so-ceramic.fr\/wp-content\/uploads\/2025\/03\/7688-768x512.jpg 768w, https:\/\/so-ceramic.fr\/wp-content\/uploads\/2025\/03\/7688-1536x1024.jpg 1536w, https:\/\/so-ceramic.fr\/wp-content\/uploads\/2025\/03\/7688-1320x880.jpg 1320w, https:\/\/so-ceramic.fr\/wp-content\/uploads\/2025\/03\/7688-600x400.jpg 600w\" sizes=\"auto, (max-width: 2000px) 100vw, 2000px\" \/><span aria-hidden=\"true\" class=\"wp-block-cover__background has-background-dim-0 has-background-dim\" style=\"background-color:#d09672\"><\/span><div class=\"wp-block-cover__inner-container is-layout-flow wp-block-cover-is-layout-flow\">\n<div class=\"wp-block-group has-global-padding is-layout-constrained wp-block-group-is-layout-constrained\">\n<div class=\"wp-block-group has-global-padding is-content-justification-left is-layout-constrained wp-container-core-group-is-layout-dc37ffa9 wp-block-group-is-layout-constrained\">\n<h1 class=\"wp-block-heading has-text-align-left has-white-color has-text-color has-link-color wp-elements-7fbac107ad804d2e9c2fbcf7cca8f3fb\">D\u00e9couvrez nos cours et initiations<\/h1>\n\n\n\n<div class=\"wp-block-buttons is-layout-flex wp-block-buttons-is-layout-flex\">\n<div class=\"wp-block-button is-style-outline is-style-outline--1\"><a class=\"wp-block-button__link has-white-color has-text-color has-link-color wp-element-button\" href=\"\/index.php\/Liste_cours\">Choisissez votre cours <\/a><\/div>\n<\/div>\n<\/div>\n<\/div>\n<\/div><\/div>\n\n\n\n<div style=\"height:5vh\" aria-hidden=\"true\" class=\"wp-block-spacer\"><\/div>\n\n\n\n<div class=\"wp-block-columns is-layout-flex wp-container-core-columns-is-layout-28f84493 wp-block-columns-is-layout-flex\">\n<div class=\"wp-block-column is-layout-flow wp-block-column-is-layout-flow\" style=\"flex-basis:66.66%\">\n<figure class=\"wp-block-gallery has-nested-images columns-default is-cropped wp-block-gallery-2 is-layout-flex wp-block-gallery-is-layout-flex\">\n<figure class=\"wp-block-image size-full\"><img loading=\"lazy\" decoding=\"async\" width=\"1333\" height=\"2000\" data-id=\"1356\" src=\"https:\/\/so-ceramic.fr\/wp-content\/uploads\/2025\/03\/Tournage_2.jpg\" alt=\"\" class=\"wp-image-1356\" srcset=\"https:\/\/so-ceramic.fr\/wp-content\/uploads\/2025\/03\/Tournage_2.jpg 1333w, https:\/\/so-ceramic.fr\/wp-content\/uploads\/2025\/03\/Tournage_2-200x300.jpg 200w, https:\/\/so-ceramic.fr\/wp-content\/uploads\/2025\/03\/Tournage_2-682x1024.jpg 682w, https:\/\/so-ceramic.fr\/wp-content\/uploads\/2025\/03\/Tournage_2-768x1152.jpg 768w, https:\/\/so-ceramic.fr\/wp-content\/uploads\/2025\/03\/Tournage_2-1024x1536.jpg 1024w, https:\/\/so-ceramic.fr\/wp-content\/uploads\/2025\/03\/Tournage_2-1320x1980.jpg 1320w, https:\/\/so-ceramic.fr\/wp-content\/uploads\/2025\/03\/Tournage_2-600x900.jpg 600w\" sizes=\"auto, (max-width: 1333px) 100vw, 1333px\" \/><\/figure>\n<\/figure>\n<\/div>\n\n\n\n<div class=\"wp-block-column is-vertically-aligned-top is-layout-flow wp-block-column-is-layout-flow\" style=\"flex-basis:33.33%\">\n<div class=\"wp-block-columns is-layout-flex wp-container-core-columns-is-layout-28f84493 wp-block-columns-is-layout-flex\">\n<div class=\"wp-block-column is-layout-flow wp-block-column-is-layout-flow\" style=\"flex-basis:1.5rem\"><\/div>\n\n\n\n<div class=\"wp-block-column is-layout-flow wp-block-column-is-layout-flow\" style=\"flex-basis:100%\">\n<div class=\"wp-block-group has-global-padding is-layout-constrained wp-block-group-is-layout-constrained\">\n<h2 class=\"wp-block-heading\">Ateliers DUO<\/h2>\n\n\n\n<p class=\"has-x-large-font-size\"><strong class=\"default_cursor_cs\">Parents\/Enfants <\/strong>\ud83c\udfa8\ud83d\udc50<\/p>\n\n\n\n<p class=\"has-medium-font-size\">\ud83d\udc67 <strong class=\"default_cursor_cs\">\u00c0 partir de 6 ans<\/strong><br>\u23f3 <strong>Dur\u00e9e : 1h30 <\/strong><br>\ud83d\udcb0 <strong class=\"default_cursor_cs\">Tarif : <\/strong><strong>70\u20ac<\/strong> (terre, engobes, \u00e9maillage et cuisson inclus)<\/p>\n\n\n\n<hr class=\"wp-block-separator has-alpha-channel-opacity\"\/>\n\n\n\n<p class=\"has-medium-font-size\">Un moment ludique et cr\u00e9atif pour initier les enfants \u00e0 la c\u00e9ramique ! \u00c0 travers des techniques simples et accessibles, ils pourront <strong class=\"default_cursor_cs\">laisser libre cours \u00e0 leur imagination<\/strong> et repartir avec une cr\u00e9ation unique.<\/p>\n\n\n\n<p class=\"has-small-font-size\">\ud83d\udc50<strong class=\"default_cursor_cs\"> Ce que les enfants et parents vont apprendre<\/strong>:<\/p>\n\n\n\n<p class=\"has-small-font-size\">\ud83d\udc76 <strong>D\u00e9couverte du modelage<\/strong> :<br>techniques simples et accessibles (pinc\u00e9, plaque, colombin)<br>\ud83d\udc68\u200d\ud83d\udc69\u200d\ud83d\udc67\u200d\ud83d\udc66 <strong>Cr\u00e9ation \u00e0 quatre mains<\/strong> : r\u00e9alisez des pi\u00e8ces ensemble (tasses, bols, petits objets d\u00e9coratifs&#8230;)<br>\ud83d\udd25 <strong>Cuisson et \u00e9maillage<\/strong> : finalisation des pi\u00e8ces par mes soins<\/p>\n\n\n\n<hr class=\"wp-block-separator has-alpha-channel-opacity\"\/>\n\n\n\n<p class=\"has-small-font-size\">\ud83d\udcc5 <strong>Infos pratiques<\/strong><\/p>\n\n\n\n<p class=\"has-small-font-size\">\ud83d\udc65 <strong class=\"default_cursor_cs\">Petit groupe<\/strong> pour un accompagnement personnalis\u00e9<br>\ud83d\udeaa Arrivez 10 minutes avant le d\u00e9but du cours pour vous installer<br>\ud83d\udccd&nbsp;<strong>Atelier So\u2019 Ceramic<\/strong><br>\ud83d\udcc5&nbsp;<strong>R\u00e9servation obligatoire<\/strong>&nbsp;<\/p>\n\n\n\n<p class=\"has-small-font-size\">\ud83d\udd25 <strong>Les pi\u00e8ces seront cuites et \u00e9maill\u00e9es<\/strong> par mes soins \u2013 vous serez inform\u00e9(e) d\u00e8s qu\u2019elles seront pr\u00eates \u00e0 \u00eatre r\u00e9cup\u00e9r\u00e9es.<\/p>\n\n\n\n<p class=\"has-medium-font-size\">\u2728 Un atelier id\u00e9al pour d\u00e9couvrir la c\u00e9ramique tout en s\u2019amusant ! \u2728<\/p>\n\n\n\n<div class=\"wp-block-buttons is-layout-flex wp-block-buttons-is-layout-flex\">\n<div class=\"wp-block-button is-style-outline is-style-outline--3\"><a class=\"wp-block-button__link wp-element-button\" href=\"https:\/\/so-ceramic.fr\/index.php\/reservationcours\/\">Calendrier et Inscription<\/a><\/div>\n<\/div>\n<\/div>\n<\/div>\n<\/div>\n<\/div>\n<\/div>\n\n\n\n<div class=\"wp-block-group alignfull has-custom-so-ceramic-p-1-background-color has-background has-global-padding is-layout-constrained wp-block-group-is-layout-constrained\">\n<div style=\"height:24px\" aria-hidden=\"true\" class=\"wp-block-spacer\"><\/div>\n<\/div>\n","protected":false},"excerpt":{"rendered":"<p>Ateliers DUO Parents\/Enfants \ud83c\udfa8\ud83d\udc50 \ud83d\udc67 \u00c0 partir de 6 ans\u23f3 Dur\u00e9e : 1h30 \ud83d\udcb0 Tarif : 70\u20ac (terre, engobes, \u00e9maillage et cuisson inclus) Un moment ludique et cr\u00e9atif pour initier les enfants \u00e0 la c\u00e9ramique ! \u00c0 travers des techniques simples et accessibles, ils pourront laisser libre cours \u00e0 leur imagination et repartir avec une [&hellip;]<\/p>\n","protected":false},"author":1,"featured_media":0,"parent":0,"menu_order":0,"comment_status":"closed","ping_status":"closed","template":"page-blank-transparent-lite","meta":{"footnotes":""},"class_list":["post-1443","page","type-page","status-publish","hentry"],"_links":{"self":[{"href":"https:\/\/so-ceramic.fr\/index.php\/wp-json\/wp\/v2\/pages\/1443","targetHints":{"allow":["GET"]}}],"collection":[{"href":"https:\/\/so-ceramic.fr\/index.php\/wp-json\/wp\/v2\/pages"}],"about":[{"href":"https:\/\/so-ceramic.fr\/index.php\/wp-json\/wp\/v2\/types\/page"}],"author":[{"embeddable":true,"href":"https:\/\/so-ceramic.fr\/index.php\/wp-json\/wp\/v2\/users\/1"}],"replies":[{"embeddable":true,"href":"https:\/\/so-ceramic.fr\/index.php\/wp-json\/wp\/v2\/comments?post=1443"}],"version-history":[{"count":8,"href":"https:\/\/so-ceramic.fr\/index.php\/wp-json\/wp\/v2\/pages\/1443\/revisions"}],"predecessor-version":[{"id":1826,"href":"https:\/\/so-ceramic.fr\/index.php\/wp-json\/wp\/v2\/pages\/1443\/revisions\/1826"}],"wp:attachment":[{"href":"https:\/\/so-ceramic.fr\/index.php\/wp-json\/wp\/v2\/media?parent=1443"}],"curies":[{"name":"wp","href":"https:\/\/api.w.org\/{rel}","templated":true}]}}