{"id":1400,"date":"2025-04-03T08:26:18","date_gmt":"2025-04-03T06:26:18","guid":{"rendered":"https:\/\/so-ceramic.fr\/?page_id=1400"},"modified":"2026-04-11T22:53:34","modified_gmt":"2026-04-11T20:53:34","slug":"cours_enfants","status":"publish","type":"page","link":"https:\/\/so-ceramic.fr\/index.php\/cours_enfants\/","title":{"rendered":"cours_enfants"},"content":{"rendered":"\n<div class=\"wp-block-cover alignfull is-light\" style=\"min-height:580px;aspect-ratio:unset;\"><img loading=\"lazy\" decoding=\"async\" width=\"2000\" height=\"1333\" class=\"wp-block-cover__image-background wp-image-1382\" alt=\"\" src=\"https:\/\/so-ceramic.fr\/wp-content\/uploads\/2025\/03\/7688.jpg\" data-object-fit=\"cover\" srcset=\"https:\/\/so-ceramic.fr\/wp-content\/uploads\/2025\/03\/7688.jpg 2000w, https:\/\/so-ceramic.fr\/wp-content\/uploads\/2025\/03\/7688-300x200.jpg 300w, https:\/\/so-ceramic.fr\/wp-content\/uploads\/2025\/03\/7688-1024x682.jpg 1024w, https:\/\/so-ceramic.fr\/wp-content\/uploads\/2025\/03\/7688-768x512.jpg 768w, https:\/\/so-ceramic.fr\/wp-content\/uploads\/2025\/03\/7688-1536x1024.jpg 1536w, https:\/\/so-ceramic.fr\/wp-content\/uploads\/2025\/03\/7688-1320x880.jpg 1320w, https:\/\/so-ceramic.fr\/wp-content\/uploads\/2025\/03\/7688-600x400.jpg 600w\" sizes=\"auto, (max-width: 2000px) 100vw, 2000px\" \/><span aria-hidden=\"true\" class=\"wp-block-cover__background has-background-dim-0 has-background-dim\" style=\"background-color:#d09672\"><\/span><div class=\"wp-block-cover__inner-container is-layout-flow wp-block-cover-is-layout-flow\">\n<div class=\"wp-block-group has-global-padding is-layout-constrained wp-block-group-is-layout-constrained\">\n<div class=\"wp-block-group has-global-padding is-content-justification-left is-layout-constrained wp-container-core-group-is-layout-dc37ffa9 wp-block-group-is-layout-constrained\">\n<h1 class=\"wp-block-heading has-text-align-left has-white-color has-text-color has-link-color wp-elements-7fbac107ad804d2e9c2fbcf7cca8f3fb\">D\u00e9couvrez nos cours et initiations<\/h1>\n\n\n\n<div class=\"wp-block-buttons is-layout-flex wp-block-buttons-is-layout-flex\">\n<div class=\"wp-block-button is-style-outline is-style-outline--1\"><a class=\"wp-block-button__link has-white-color has-text-color has-link-color wp-element-button\" href=\"\/index.php\/Liste_cours\">Choisissez votre cours <\/a><\/div>\n<\/div>\n<\/div>\n<\/div>\n<\/div><\/div>\n\n\n\n<div style=\"height:5vh\" aria-hidden=\"true\" class=\"wp-block-spacer\"><\/div>\n\n\n\n<div class=\"wp-block-columns is-layout-flex wp-container-core-columns-is-layout-28f84493 wp-block-columns-is-layout-flex\">\n<div class=\"wp-block-column is-layout-flow wp-block-column-is-layout-flow\" style=\"flex-basis:66.66%\">\n<figure class=\"wp-block-gallery has-nested-images columns-default is-cropped wp-block-gallery-2 is-layout-flex wp-block-gallery-is-layout-flex\">\n<figure class=\"wp-block-image size-full\"><img loading=\"lazy\" decoding=\"async\" width=\"1126\" height=\"2000\" data-id=\"2114\" src=\"https:\/\/so-ceramic.fr\/wp-content\/uploads\/2026\/04\/ee060029-7470-4b1a-947f-b9621a0ee66c.jpeg\" alt=\"\" class=\"wp-image-2114\" srcset=\"https:\/\/so-ceramic.fr\/wp-content\/uploads\/2026\/04\/ee060029-7470-4b1a-947f-b9621a0ee66c.jpeg 1126w, https:\/\/so-ceramic.fr\/wp-content\/uploads\/2026\/04\/ee060029-7470-4b1a-947f-b9621a0ee66c-169x300.jpeg 169w, https:\/\/so-ceramic.fr\/wp-content\/uploads\/2026\/04\/ee060029-7470-4b1a-947f-b9621a0ee66c-577x1024.jpeg 577w, https:\/\/so-ceramic.fr\/wp-content\/uploads\/2026\/04\/ee060029-7470-4b1a-947f-b9621a0ee66c-768x1364.jpeg 768w, https:\/\/so-ceramic.fr\/wp-content\/uploads\/2026\/04\/ee060029-7470-4b1a-947f-b9621a0ee66c-865x1536.jpeg 865w, https:\/\/so-ceramic.fr\/wp-content\/uploads\/2026\/04\/ee060029-7470-4b1a-947f-b9621a0ee66c-600x1066.jpeg 600w\" sizes=\"auto, (max-width: 1126px) 100vw, 1126px\" \/><\/figure>\n<\/figure>\n<\/div>\n\n\n\n<div class=\"wp-block-column is-vertically-aligned-top is-layout-flow wp-block-column-is-layout-flow\" style=\"flex-basis:33.33%\">\n<div class=\"wp-block-columns are-vertically-aligned-top is-layout-flex wp-container-core-columns-is-layout-28f84493 wp-block-columns-is-layout-flex\">\n<div class=\"wp-block-column is-vertically-aligned-top is-layout-flow wp-block-column-is-layout-flow\" style=\"flex-basis:1.5rem\"><\/div>\n\n\n\n<div class=\"wp-block-column is-vertically-aligned-top is-layout-flow wp-block-column-is-layout-flow\" style=\"flex-basis:100%\">\n<div class=\"wp-block-group has-global-padding is-layout-constrained wp-block-group-is-layout-constrained\">\n<h2 class=\"wp-block-heading\">Ateliers Enfants \/ KIDS<\/h2>\n\n\n\n<p class=\"has-x-large-font-size\"><strong class=\"default_cursor_cs\">Atelier Enfants : D\u00e9couverte de la C\u00e9ramique <\/strong>\ud83c\udfa8\ud83d\udc50<\/p>\n\n\n\n<p>\ud83d\udc67 <strong class=\"default_cursor_cs\">\u00c0 partir de 6 ans<\/strong><br>\u23f3 <strong>Dur\u00e9e : 1h30 <\/strong><br>\ud83d\udcb0 <strong class=\"default_cursor_cs\">Tarif : <\/strong>58\u20ac (terre, engobes, \u00e9maillage et cuisson inclus)<\/p>\n\n\n\n<hr class=\"wp-block-separator has-alpha-channel-opacity\"\/>\n\n\n\n<p class=\"has-medium-font-size\">Un moment ludique et cr\u00e9atif pour initier les enfants \u00e0 la c\u00e9ramique ! \u00c0 travers des techniques simples et accessibles, ils pourront <strong class=\"default_cursor_cs\">laisser libre cours \u00e0 leur imagination<\/strong> et repartir avec une cr\u00e9ation unique.<\/p>\n\n\n\n<p class=\"has-small-font-size\">\ud83d\udc50<strong class=\"default_cursor_cs\"> Ce que les enfants vont apprendre<\/strong>: <\/p>\n\n\n\n<p class=\"has-small-font-size\">\ud83d\udc76 <strong>D\u00e9couverte du modelage<\/strong> : techniques du pinc\u00e9, colombin et plaque<br>\ud83c\udfad <strong>Exploration de la cr\u00e9ativit\u00e9<\/strong> : cr\u00e9ation d\u2019objets utilitaires ou d\u00e9coratifs (bols, figurines, animaux&#8230;)<br>\ud83c\udfa8 <strong>D\u00e9coration &amp; textures<\/strong> : utilisation d\u2019engobes et d\u2019empreintes<br>\ud83d\udd25 <strong>Cuisson et \u00e9maillage<\/strong> : finalisation des pi\u00e8ces par mes soins<\/p>\n\n\n\n<hr class=\"wp-block-separator has-alpha-channel-opacity\"\/>\n\n\n\n<p class=\"has-small-font-size\">\ud83d\udcc5 <strong>Infos pratiques<\/strong><\/p>\n\n\n\n<p class=\"has-small-font-size\">\ud83d\udc65 <strong class=\"default_cursor_cs\">Petit groupe<\/strong> pour un accompagnement personnalis\u00e9\ud83d\udeaa Arrivez 10 minutes avant le d\u00e9but du cours<br>\ud83d\udccd Atelier So\u2019 Ceramic<br>\u26a0\ufe0f En cas de nombre insuffisant de participants, le cours pourra \u00eatre report\u00e9 ou annul\u00e9 (vous serez pr\u00e9venu(e) \u00e0 l\u2019avance).<br>\ud83d\udcc5&nbsp;<strong>R\u00e9servation obligatoire<\/strong><br><\/p>\n\n\n\n<p class=\"has-medium-font-size\">\u2728 Un atelier id\u00e9al pour d\u00e9couvrir la c\u00e9ramique tout en s\u2019amusant ! \u2728<\/p>\n\n\n\n<div class=\"wp-block-buttons is-layout-flex wp-block-buttons-is-layout-flex\">\n<div class=\"wp-block-button is-style-outline is-style-outline--3\"><a class=\"wp-block-button__link wp-element-button\" href=\"https:\/\/so-ceramic.fr\/index.php\/planning_atelier\/\">Calendrier et Inscription<\/a><\/div>\n<\/div>\n<\/div>\n<\/div>\n<\/div>\n<\/div>\n<\/div>\n\n\n\n<div class=\"wp-block-group alignfull has-custom-so-ceramic-p-1-background-color has-background has-global-padding is-layout-constrained wp-block-group-is-layout-constrained\">\n<div style=\"height:24px\" aria-hidden=\"true\" class=\"wp-block-spacer\"><\/div>\n<\/div>\n","protected":false},"excerpt":{"rendered":"<p>Ateliers Enfants \/ KIDS Atelier Enfants : D\u00e9couverte de la C\u00e9ramique \ud83c\udfa8\ud83d\udc50 \ud83d\udc67 \u00c0 partir de 6 ans\u23f3 Dur\u00e9e : 1h30 \ud83d\udcb0 Tarif : 58\u20ac (terre, engobes, \u00e9maillage et cuisson inclus) Un moment ludique et cr\u00e9atif pour initier les enfants \u00e0 la c\u00e9ramique ! \u00c0 travers des techniques simples et accessibles, ils pourront laisser libre [&hellip;]<\/p>\n","protected":false},"author":1,"featured_media":0,"parent":0,"menu_order":0,"comment_status":"closed","ping_status":"closed","template":"page-blank-transparent-lite","meta":{"footnotes":""},"class_list":["post-1400","page","type-page","status-publish","hentry"],"_links":{"self":[{"href":"https:\/\/so-ceramic.fr\/index.php\/wp-json\/wp\/v2\/pages\/1400","targetHints":{"allow":["GET"]}}],"collection":[{"href":"https:\/\/so-ceramic.fr\/index.php\/wp-json\/wp\/v2\/pages"}],"about":[{"href":"https:\/\/so-ceramic.fr\/index.php\/wp-json\/wp\/v2\/types\/page"}],"author":[{"embeddable":true,"href":"https:\/\/so-ceramic.fr\/index.php\/wp-json\/wp\/v2\/users\/1"}],"replies":[{"embeddable":true,"href":"https:\/\/so-ceramic.fr\/index.php\/wp-json\/wp\/v2\/comments?post=1400"}],"version-history":[{"count":22,"href":"https:\/\/so-ceramic.fr\/index.php\/wp-json\/wp\/v2\/pages\/1400\/revisions"}],"predecessor-version":[{"id":2117,"href":"https:\/\/so-ceramic.fr\/index.php\/wp-json\/wp\/v2\/pages\/1400\/revisions\/2117"}],"wp:attachment":[{"href":"https:\/\/so-ceramic.fr\/index.php\/wp-json\/wp\/v2\/media?parent=1400"}],"curies":[{"name":"wp","href":"https:\/\/api.w.org\/{rel}","templated":true}]}}