{"id":1392,"date":"2025-04-03T14:46:00","date_gmt":"2025-04-03T12:46:00","guid":{"rendered":"https:\/\/so-ceramic.fr\/?page_id=1392"},"modified":"2026-04-11T23:09:00","modified_gmt":"2026-04-11T21:09:00","slug":"cours_peinture","status":"publish","type":"page","link":"https:\/\/so-ceramic.fr\/index.php\/cours_peinture\/","title":{"rendered":"cours_peinture"},"content":{"rendered":"\n<div class=\"wp-block-cover alignfull is-light\" style=\"min-height:580px;aspect-ratio:unset;\"><img loading=\"lazy\" decoding=\"async\" width=\"2000\" height=\"1333\" class=\"wp-block-cover__image-background wp-image-1382\" alt=\"\" src=\"https:\/\/so-ceramic.fr\/wp-content\/uploads\/2025\/03\/7688.jpg\" data-object-fit=\"cover\" srcset=\"https:\/\/so-ceramic.fr\/wp-content\/uploads\/2025\/03\/7688.jpg 2000w, https:\/\/so-ceramic.fr\/wp-content\/uploads\/2025\/03\/7688-300x200.jpg 300w, https:\/\/so-ceramic.fr\/wp-content\/uploads\/2025\/03\/7688-1024x682.jpg 1024w, https:\/\/so-ceramic.fr\/wp-content\/uploads\/2025\/03\/7688-768x512.jpg 768w, https:\/\/so-ceramic.fr\/wp-content\/uploads\/2025\/03\/7688-1536x1024.jpg 1536w, https:\/\/so-ceramic.fr\/wp-content\/uploads\/2025\/03\/7688-1320x880.jpg 1320w, https:\/\/so-ceramic.fr\/wp-content\/uploads\/2025\/03\/7688-600x400.jpg 600w\" sizes=\"auto, (max-width: 2000px) 100vw, 2000px\" \/><span aria-hidden=\"true\" class=\"wp-block-cover__background has-background-dim-0 has-background-dim\" style=\"background-color:#d09672\"><\/span><div class=\"wp-block-cover__inner-container is-layout-flow wp-block-cover-is-layout-flow\">\n<div style=\"height:80px\" aria-hidden=\"true\" class=\"wp-block-spacer\"><\/div>\n\n\n\n<div class=\"wp-block-group has-global-padding is-layout-constrained wp-block-group-is-layout-constrained\">\n<div class=\"wp-block-group has-global-padding is-content-justification-left is-layout-constrained wp-container-core-group-is-layout-dc37ffa9 wp-block-group-is-layout-constrained\">\n<h1 class=\"wp-block-heading has-text-align-left has-white-color has-text-color has-link-color wp-elements-7fbac107ad804d2e9c2fbcf7cca8f3fb\">D\u00e9couvrez nos cours et initiations<\/h1>\n\n\n\n<div class=\"wp-block-buttons is-layout-flex wp-block-buttons-is-layout-flex\">\n<div class=\"wp-block-button is-style-outline is-style-outline--1\"><a class=\"wp-block-button__link has-white-color has-text-color has-link-color wp-element-button\" href=\"\/index.php\/Liste_Cours\">Choisissez votre cours <\/a><\/div>\n<\/div>\n<\/div>\n<\/div>\n<\/div><\/div>\n\n\n\n<div style=\"height:5vh\" aria-hidden=\"true\" class=\"wp-block-spacer\"><\/div>\n\n\n\n<div class=\"wp-block-columns is-layout-flex wp-container-core-columns-is-layout-28f84493 wp-block-columns-is-layout-flex\">\n<div class=\"wp-block-column is-layout-flow wp-block-column-is-layout-flow\" style=\"flex-basis:66.66%\">\n<figure class=\"wp-block-gallery has-nested-images columns-default is-cropped wp-block-gallery-2 is-layout-flex wp-block-gallery-is-layout-flex\">\n<figure class=\"wp-block-image size-large\"><img loading=\"lazy\" decoding=\"async\" width=\"2560\" height=\"1920\" data-id=\"2043\" src=\"https:\/\/so-ceramic.fr\/wp-content\/uploads\/2026\/02\/IMG_4876-scaled.jpeg\" alt=\"\" class=\"wp-image-2043\" srcset=\"https:\/\/so-ceramic.fr\/wp-content\/uploads\/2026\/02\/IMG_4876-scaled.jpeg 2560w, https:\/\/so-ceramic.fr\/wp-content\/uploads\/2026\/02\/IMG_4876-300x225.jpeg 300w\" sizes=\"auto, (max-width: 2560px) 100vw, 2560px\" \/><\/figure>\n<\/figure>\n<\/div>\n\n\n\n<div class=\"wp-block-column is-vertically-aligned-center is-layout-flow wp-block-column-is-layout-flow\" style=\"flex-basis:33.33%\">\n<div class=\"wp-block-columns is-layout-flex wp-container-core-columns-is-layout-28f84493 wp-block-columns-is-layout-flex\">\n<div class=\"wp-block-column is-layout-flow wp-block-column-is-layout-flow\" style=\"flex-basis:2.5rem\"><\/div>\n\n\n\n<div class=\"wp-block-column is-layout-flow wp-block-column-is-layout-flow\" style=\"flex-basis:100%\">\n<div class=\"wp-block-group has-global-padding is-layout-constrained wp-block-group-is-layout-constrained\">\n<h2 class=\"wp-block-heading\"><br><strong>PEINTURE SUR CERAMIQUE&nbsp;<\/strong><\/h2>\n\n\n\n<p class=\"has-medium-font-size\">\u23f3&nbsp;<strong>Dur\u00e9e : 2h<\/strong><br><strong>\ud83d\udcb0 Tarif : 5\u20ac <\/strong>+ <strong>prix d<\/strong>e la piece<\/p>\n\n\n\n<hr class=\"wp-block-separator has-alpha-channel-opacity\"\/>\n\n\n\n<p>Plongez dans un moment cr\u00e9atif et relaxant avec cet atelier de peinture sur c\u00e9ramique, accessible \u00e0 tous. Installez-vous, choisissez votre pi\u00e8ce et laissez libre cours \u00e0 votre imagination pour la d\u00e9corer selon votre style.<\/p>\n\n\n\n<p>\ud83d\udc50 <strong>Ce que vous allez faire<\/strong><br>Vous s\u00e9lectionnez la pi\u00e8ce de votre choix parmi une large gamme de mod\u00e8les disponibles ,assiettes, tasses, mugs , objets d\u00e9coratifs, vases etc&#8230;(appel\u00e9s <em>biscuits<\/em>, c\u00e9ramiques d\u00e9j\u00e0 cuites une premi\u00e8re fois, pr\u00eates \u00e0 \u00eatre d\u00e9cor\u00e9es). Vous pourrez ensuite peindre, dessiner, tester les couleurs et cr\u00e9er votre propre pi\u00e8ce personnalis\u00e9e.<\/p>\n\n\n\n<p><br>\ud83d\udc49 Les enfants <strong>\u00e0 partir de 4 ans<\/strong> sont les bienvenus s\u2019ils participent avec un <strong>adulte inscrit.<\/strong><\/p>\n\n\n\n<p>\ud83c\udf3f <strong>Au programme<\/strong><br>\ud83d\udd8c\ufe0f Choix des couleurs et prise en main du mat\u00e9riel<br>\ud83c\udfa8 Exploration de motifs, textures et styles<br>\u2728 Cr\u00e9ation libre accompagn\u00e9e de conseils si besoin<\/p>\n\n\n\n<p>\ud83d\udce6 <strong>Tout est \u00e0 disposition sur place<\/strong><br>\u2714\ufe0f Large choix de pi\u00e8ces (de 15 \u20ac \u00e0 plus de 50 \u20ac selon mod\u00e8le)<br>\u2714\ufe0f Pinceaux, peintures, pochoirs et accessoires<br>\u2714\ufe0f Conseils techniques si vous en ressentez le besoin<br>\u2714\ufe0f \u00c9maillage et cuisson r\u00e9alis\u00e9s par l\u2019atelier<\/p>\n\n\n\n<p class=\"has-medium-font-size\">\ud83d\udd4a\ufe0f Une fois votre pi\u00e8ce d\u00e9cor\u00e9e, je m\u2019occupe de l\u2019\u00e9maillage et de la cuisson. Vous pourrez venir la r\u00e9cup\u00e9rer quelques semaines plus tard, pr\u00eate \u00e0 \u00eatre utilis\u00e9e ou offerte.<\/p>\n\n\n\n<hr class=\"wp-block-separator has-alpha-channel-opacity\"\/>\n\n\n\n<p class=\"has-medium-font-size\">\ud83d\udcc5 <strong>R\u00e9servation obligatoire<\/strong> <\/p>\n\n\n\n<p class=\"has-medium-font-size\">\u2728 <strong>Rejoignez-nous et laissez-vous surprendre par la magie de la poterie!<\/strong><\/p>\n\n\n\n<div class=\"wp-block-buttons is-layout-flex wp-block-buttons-is-layout-flex\">\n<div class=\"wp-block-button is-style-outline is-style-outline--3\"><a class=\"wp-block-button__link wp-element-button\" href=\"https:\/\/so-ceramic.fr\/index.php\/reservationcours\/\">Je r\u00e9serve !!!<\/a><\/div>\n<\/div>\n<\/div>\n<\/div>\n<\/div>\n<\/div>\n<\/div>\n\n\n\n<hr class=\"wp-block-separator has-text-color has-accent-border-color has-alpha-channel-opacity has-accent-border-background-color has-background is-style-wide\"\/>\n\n\n\n<div style=\"height:5vh\" aria-hidden=\"true\" class=\"wp-block-spacer\"><\/div>\n","protected":false},"excerpt":{"rendered":"<p>PEINTURE SUR CERAMIQUE&nbsp; \u23f3&nbsp;Dur\u00e9e : 2h\ud83d\udcb0 Tarif : 5\u20ac + prix de la piece Plongez dans un moment cr\u00e9atif et relaxant avec cet atelier de peinture sur c\u00e9ramique, accessible \u00e0 tous. Installez-vous, choisissez votre pi\u00e8ce et laissez libre cours \u00e0 votre imagination pour la d\u00e9corer selon votre style. \ud83d\udc50 Ce que vous allez faireVous s\u00e9lectionnez [&hellip;]<\/p>\n","protected":false},"author":1,"featured_media":0,"parent":0,"menu_order":0,"comment_status":"closed","ping_status":"closed","template":"page-blank-transparent-lite","meta":{"footnotes":""},"class_list":["post-1392","page","type-page","status-publish","hentry"],"_links":{"self":[{"href":"https:\/\/so-ceramic.fr\/index.php\/wp-json\/wp\/v2\/pages\/1392","targetHints":{"allow":["GET"]}}],"collection":[{"href":"https:\/\/so-ceramic.fr\/index.php\/wp-json\/wp\/v2\/pages"}],"about":[{"href":"https:\/\/so-ceramic.fr\/index.php\/wp-json\/wp\/v2\/types\/page"}],"author":[{"embeddable":true,"href":"https:\/\/so-ceramic.fr\/index.php\/wp-json\/wp\/v2\/users\/1"}],"replies":[{"embeddable":true,"href":"https:\/\/so-ceramic.fr\/index.php\/wp-json\/wp\/v2\/comments?post=1392"}],"version-history":[{"count":12,"href":"https:\/\/so-ceramic.fr\/index.php\/wp-json\/wp\/v2\/pages\/1392\/revisions"}],"predecessor-version":[{"id":2121,"href":"https:\/\/so-ceramic.fr\/index.php\/wp-json\/wp\/v2\/pages\/1392\/revisions\/2121"}],"wp:attachment":[{"href":"https:\/\/so-ceramic.fr\/index.php\/wp-json\/wp\/v2\/media?parent=1392"}],"curies":[{"name":"wp","href":"https:\/\/api.w.org\/{rel}","templated":true}]}}