{"id":1372,"date":"2025-04-03T08:28:24","date_gmt":"2025-04-03T06:28:24","guid":{"rendered":"https:\/\/so-ceramic.fr\/?page_id=1372"},"modified":"2026-04-11T21:55:10","modified_gmt":"2026-04-11T19:55:10","slug":"initiation_tournage","status":"publish","type":"page","link":"https:\/\/so-ceramic.fr\/index.php\/initiation_tournage\/","title":{"rendered":"Initiation_Tournage"},"content":{"rendered":"\n<div class=\"wp-block-cover alignfull is-light\" style=\"min-height:580px;aspect-ratio:unset;\"><img loading=\"lazy\" decoding=\"async\" width=\"2000\" height=\"1333\" class=\"wp-block-cover__image-background wp-image-1382\" alt=\"\" src=\"https:\/\/so-ceramic.fr\/wp-content\/uploads\/2025\/03\/7688.jpg\" data-object-fit=\"cover\" srcset=\"https:\/\/so-ceramic.fr\/wp-content\/uploads\/2025\/03\/7688.jpg 2000w, https:\/\/so-ceramic.fr\/wp-content\/uploads\/2025\/03\/7688-300x200.jpg 300w, https:\/\/so-ceramic.fr\/wp-content\/uploads\/2025\/03\/7688-1024x682.jpg 1024w, https:\/\/so-ceramic.fr\/wp-content\/uploads\/2025\/03\/7688-768x512.jpg 768w, https:\/\/so-ceramic.fr\/wp-content\/uploads\/2025\/03\/7688-1536x1024.jpg 1536w, https:\/\/so-ceramic.fr\/wp-content\/uploads\/2025\/03\/7688-1320x880.jpg 1320w, https:\/\/so-ceramic.fr\/wp-content\/uploads\/2025\/03\/7688-600x400.jpg 600w\" sizes=\"auto, (max-width: 2000px) 100vw, 2000px\" \/><span aria-hidden=\"true\" class=\"wp-block-cover__background has-background-dim-0 has-background-dim\" style=\"background-color:#d09672\"><\/span><div class=\"wp-block-cover__inner-container is-layout-flow wp-block-cover-is-layout-flow\">\n<div style=\"height:80px\" aria-hidden=\"true\" class=\"wp-block-spacer\"><\/div>\n\n\n\n<div class=\"wp-block-group has-global-padding is-layout-constrained wp-block-group-is-layout-constrained\">\n<div class=\"wp-block-group has-global-padding is-content-justification-left is-layout-constrained wp-container-core-group-is-layout-dc37ffa9 wp-block-group-is-layout-constrained\">\n<h1 class=\"wp-block-heading has-text-align-left has-white-color has-text-color has-link-color wp-elements-7fbac107ad804d2e9c2fbcf7cca8f3fb\">D\u00e9couvrez nos cours et initiations<\/h1>\n\n\n\n<div class=\"wp-block-buttons is-layout-flex wp-block-buttons-is-layout-flex\">\n<div class=\"wp-block-button is-style-outline is-style-outline--1\"><a class=\"wp-block-button__link has-white-color has-text-color has-link-color wp-element-button\" href=\"\/index.php\/Liste_cours\">Choisissez votre cours <\/a><\/div>\n<\/div>\n<\/div>\n<\/div>\n<\/div><\/div>\n\n\n\n<div style=\"height:5vh\" aria-hidden=\"true\" class=\"wp-block-spacer\"><\/div>\n\n\n\n<div class=\"wp-block-columns is-layout-flex wp-container-core-columns-is-layout-28f84493 wp-block-columns-is-layout-flex\">\n<div class=\"wp-block-column is-layout-flow wp-block-column-is-layout-flow\" style=\"flex-basis:66.66%\">\n<figure class=\"wp-block-gallery has-nested-images columns-default is-cropped wp-block-gallery-2 is-layout-flex wp-block-gallery-is-layout-flex\">\n<figure class=\"wp-block-image size-full\"><img loading=\"lazy\" decoding=\"async\" width=\"1333\" height=\"2000\" data-id=\"1356\" src=\"https:\/\/so-ceramic.fr\/wp-content\/uploads\/2025\/03\/Tournage_2.jpg\" alt=\"\" class=\"wp-image-1356\" srcset=\"https:\/\/so-ceramic.fr\/wp-content\/uploads\/2025\/03\/Tournage_2.jpg 1333w, https:\/\/so-ceramic.fr\/wp-content\/uploads\/2025\/03\/Tournage_2-200x300.jpg 200w, https:\/\/so-ceramic.fr\/wp-content\/uploads\/2025\/03\/Tournage_2-682x1024.jpg 682w, https:\/\/so-ceramic.fr\/wp-content\/uploads\/2025\/03\/Tournage_2-768x1152.jpg 768w, https:\/\/so-ceramic.fr\/wp-content\/uploads\/2025\/03\/Tournage_2-1024x1536.jpg 1024w, https:\/\/so-ceramic.fr\/wp-content\/uploads\/2025\/03\/Tournage_2-1320x1980.jpg 1320w, https:\/\/so-ceramic.fr\/wp-content\/uploads\/2025\/03\/Tournage_2-600x900.jpg 600w\" sizes=\"auto, (max-width: 1333px) 100vw, 1333px\" \/><\/figure>\n<\/figure>\n<\/div>\n\n\n\n<div class=\"wp-block-column is-vertically-aligned-center is-layout-flow wp-block-column-is-layout-flow\" style=\"flex-basis:33.33%\">\n<div class=\"wp-block-columns is-layout-flex wp-container-core-columns-is-layout-28f84493 wp-block-columns-is-layout-flex\">\n<div class=\"wp-block-column is-layout-flow wp-block-column-is-layout-flow\" style=\"flex-basis:2.5rem\"><\/div>\n\n\n\n<div class=\"wp-block-column is-layout-flow wp-block-column-is-layout-flow\" style=\"flex-basis:100%\">\n<div class=\"wp-block-group has-global-padding is-layout-constrained wp-block-group-is-layout-constrained\">\n<h2 class=\"wp-block-heading\"><strong>Cours de Tournage en C\u00e9ramique <\/strong><\/h2>\n\n\n\n<p><strong>Ma\u00eetrisez l\u2019Art du Tour <\/strong>\ud83c\udf00\u2728<\/p>\n\n\n\n<p class=\"has-small-font-size\">\u23f3 <strong>Dur\u00e9e : 2h30<\/strong><br><strong>\ud83d\udcb0 Tarif : 90\u20ac <\/strong>\u2013 Tout est inclus !<\/p>\n\n\n\n<hr class=\"wp-block-separator has-alpha-channel-opacity\"\/>\n\n\n\n<p class=\"has-medium-font-size\">Plongez dans la <strong>magie du tournage<\/strong> et apprenez \u00e0 cr\u00e9er des objets \u00e9l\u00e9gants et fonctionnels en fa\u00e7onnant l\u2019argile sur un <strong>tour de potier<\/strong>. Ce <strong>cours de 2h30<\/strong> est con\u00e7u pour les <strong>d\u00e9butants curieux<\/strong> comme pour les amateurs souhaitant se perfectionner.<\/p>\n\n\n\n<p class=\"has-small-font-size\">\ud83d\udc50<strong> Ce que vous apprendrez<\/strong><\/p>\n\n\n\n<p class=\"has-small-font-size\">\u2714\ufe0f <strong>Les bases du tournage<\/strong> : pr\u00e9paration de l\u2019argile, centrage et fa\u00e7onnage<br>\u2714\ufe0f <strong>Cr\u00e9ation de formes de bases<\/strong> : bols, et cylindres<\/p>\n\n\n\n<p class=\"has-small-font-size\">\ud83d\udce6<strong> Ce qui est inclus<\/strong><\/p>\n\n\n\n<p class=\"has-small-font-size\">\u2714\ufe0f <strong>Un tour de potier par personne, argile de qualit\u00e9 et outils fournis<br><\/strong>\u2714\ufe0f <strong>D\u00e9monstrations et conseils d\u2019un c\u00e9ramiste professionnel<br><\/strong>\u2714\ufe0f <strong> Cuisson des cr\u00e9ations  <\/strong>par mes soins (selon le calendrier de cuisson de l\u2019atelier)<\/p>\n\n\n\n<hr class=\"wp-block-separator has-alpha-channel-opacity\"\/>\n\n\n\n<p class=\"has-small-font-size\">\ud83d\udcc5<strong> Infos pratiques<\/strong><\/p>\n\n\n\n<p class=\"has-small-font-size\">\ud83d\udeaa <strong>Arrivez 10 minutes avant le d\u00e9but du cours<\/strong> pour vous installer<br>\ud83d\udccd <strong>Atelier So&rsquo; Ceramic<\/strong><br>\ud83d\udc65<strong>Groupe restreint : <\/strong>6 participants maximum pour un accompagnement personnalis\u00e9<br>\u26a0\ufe0f <strong>En cas de nombre insuffisant de participants<\/strong>, le cours pourra \u00eatre report\u00e9 ou annul\u00e9 (vous serez pr\u00e9venu(e) \u00e0 l\u2019avance).<br>\ud83d\udcc5 <strong>R\u00e9servation obligatoire<\/strong> <br><\/p>\n\n\n\n<p class=\"has-small-font-size\">\u2728 <strong>Rejoignez-nous et laissez-vous surprendre par la magie du tournage !<\/strong><\/p>\n\n\n\n<div class=\"wp-block-buttons is-layout-flex wp-block-buttons-is-layout-flex\">\n<div class=\"wp-block-button is-style-outline is-style-outline--3\"><a class=\"wp-block-button__link wp-element-button\" href=\"https:\/\/so-ceramic.fr\/index.php\/reservationcours\/\">Je r\u00e9s\u00e8rve mon cours<\/a><\/div>\n\n\n\n<div class=\"wp-block-button is-style-outline is-style-outline--4\"><a class=\"wp-block-button__link wp-element-button\" href=\"\/index.php\/Initiation_Modelage\">Autres Initiations<\/a><\/div>\n<\/div>\n<\/div>\n<\/div>\n<\/div>\n<\/div>\n<\/div>\n\n\n\n<div style=\"height:5vh\" aria-hidden=\"true\" class=\"wp-block-spacer\"><\/div>\n\n\n\n<hr class=\"wp-block-separator has-text-color has-accent-border-color has-alpha-channel-opacity has-accent-border-background-color has-background is-style-wide\"\/>\n","protected":false},"excerpt":{"rendered":"<p>Cours de Tournage en C\u00e9ramique Ma\u00eetrisez l\u2019Art du Tour \ud83c\udf00\u2728 \u23f3 Dur\u00e9e : 2h30\ud83d\udcb0 Tarif : 90\u20ac \u2013 Tout est inclus ! Plongez dans la magie du tournage et apprenez \u00e0 cr\u00e9er des objets \u00e9l\u00e9gants et fonctionnels en fa\u00e7onnant l\u2019argile sur un tour de potier. Ce cours de 2h30 est con\u00e7u pour les d\u00e9butants curieux [&hellip;]<\/p>\n","protected":false},"author":1,"featured_media":0,"parent":0,"menu_order":0,"comment_status":"closed","ping_status":"closed","template":"page-blank-transparent-lite","meta":{"footnotes":""},"class_list":["post-1372","page","type-page","status-publish","hentry"],"_links":{"self":[{"href":"https:\/\/so-ceramic.fr\/index.php\/wp-json\/wp\/v2\/pages\/1372","targetHints":{"allow":["GET"]}}],"collection":[{"href":"https:\/\/so-ceramic.fr\/index.php\/wp-json\/wp\/v2\/pages"}],"about":[{"href":"https:\/\/so-ceramic.fr\/index.php\/wp-json\/wp\/v2\/types\/page"}],"author":[{"embeddable":true,"href":"https:\/\/so-ceramic.fr\/index.php\/wp-json\/wp\/v2\/users\/1"}],"replies":[{"embeddable":true,"href":"https:\/\/so-ceramic.fr\/index.php\/wp-json\/wp\/v2\/comments?post=1372"}],"version-history":[{"count":18,"href":"https:\/\/so-ceramic.fr\/index.php\/wp-json\/wp\/v2\/pages\/1372\/revisions"}],"predecessor-version":[{"id":2112,"href":"https:\/\/so-ceramic.fr\/index.php\/wp-json\/wp\/v2\/pages\/1372\/revisions\/2112"}],"wp:attachment":[{"href":"https:\/\/so-ceramic.fr\/index.php\/wp-json\/wp\/v2\/media?parent=1372"}],"curies":[{"name":"wp","href":"https:\/\/api.w.org\/{rel}","templated":true}]}}