{"id":1331,"date":"2025-03-19T15:05:37","date_gmt":"2025-03-19T14:05:37","guid":{"rendered":"https:\/\/so-ceramic.fr\/?page_id=1331"},"modified":"2025-10-28T17:26:31","modified_gmt":"2025-10-28T16:26:31","slug":"liste_cours","status":"publish","type":"page","link":"https:\/\/so-ceramic.fr\/index.php\/liste_cours\/","title":{"rendered":"Liste_Cours"},"content":{"rendered":"\n<div class=\"wp-block-cover alignfull is-light\" style=\"min-height:580px;aspect-ratio:unset;\"><img loading=\"lazy\" decoding=\"async\" width=\"2000\" height=\"1333\" class=\"wp-block-cover__image-background wp-image-1382\" alt=\"\" src=\"https:\/\/so-ceramic.fr\/wp-content\/uploads\/2025\/03\/7688.jpg\" data-object-fit=\"cover\" srcset=\"https:\/\/so-ceramic.fr\/wp-content\/uploads\/2025\/03\/7688.jpg 2000w, https:\/\/so-ceramic.fr\/wp-content\/uploads\/2025\/03\/7688-300x200.jpg 300w, https:\/\/so-ceramic.fr\/wp-content\/uploads\/2025\/03\/7688-1024x682.jpg 1024w, https:\/\/so-ceramic.fr\/wp-content\/uploads\/2025\/03\/7688-768x512.jpg 768w, https:\/\/so-ceramic.fr\/wp-content\/uploads\/2025\/03\/7688-1536x1024.jpg 1536w, https:\/\/so-ceramic.fr\/wp-content\/uploads\/2025\/03\/7688-1320x880.jpg 1320w, https:\/\/so-ceramic.fr\/wp-content\/uploads\/2025\/03\/7688-600x400.jpg 600w\" sizes=\"auto, (max-width: 2000px) 100vw, 2000px\" \/><span aria-hidden=\"true\" class=\"wp-block-cover__background has-background-dim-0 has-background-dim\" style=\"background-color:#d09672\"><\/span><div class=\"wp-block-cover__inner-container is-layout-flow wp-block-cover-is-layout-flow\">\n<div style=\"height:80px\" aria-hidden=\"true\" class=\"wp-block-spacer\"><\/div>\n\n\n\n<div class=\"wp-block-group has-global-padding is-layout-constrained wp-block-group-is-layout-constrained\">\n<div class=\"wp-block-group has-global-padding is-content-justification-left is-layout-constrained wp-container-core-group-is-layout-dc37ffa9 wp-block-group-is-layout-constrained\">\n<h1 class=\"wp-block-heading has-text-align-left has-white-color has-text-color has-link-color wp-elements-7fbac107ad804d2e9c2fbcf7cca8f3fb\">D\u00e9couvrez nos cours et initiations<\/h1>\n<\/div>\n<\/div>\n<\/div><\/div>\n\n\n\n<div style=\"height:5vh\" aria-hidden=\"true\" class=\"wp-block-spacer\"><\/div>\n\n\n\n<div class=\"wp-block-columns is-layout-flex wp-container-core-columns-is-layout-28f84493 wp-block-columns-is-layout-flex\">\n<div class=\"wp-block-column is-layout-flow wp-block-column-is-layout-flow\" style=\"flex-basis:66.66%\">\n<figure class=\"wp-block-gallery has-nested-images columns-default is-cropped wp-block-gallery-1 is-layout-flex wp-block-gallery-is-layout-flex\">\n<figure class=\"wp-block-image size-full\"><img loading=\"lazy\" decoding=\"async\" width=\"945\" height=\"591\" data-id=\"1293\" src=\"https:\/\/so-ceramic.fr\/wp-content\/uploads\/2025\/03\/SO_CERAMIC_PICTO_3.jpg\" alt=\"\" class=\"wp-image-1293\" srcset=\"https:\/\/so-ceramic.fr\/wp-content\/uploads\/2025\/03\/SO_CERAMIC_PICTO_3.jpg 945w, https:\/\/so-ceramic.fr\/wp-content\/uploads\/2025\/03\/SO_CERAMIC_PICTO_3-300x188.jpg 300w, https:\/\/so-ceramic.fr\/wp-content\/uploads\/2025\/03\/SO_CERAMIC_PICTO_3-768x480.jpg 768w, https:\/\/so-ceramic.fr\/wp-content\/uploads\/2025\/03\/SO_CERAMIC_PICTO_3-600x375.jpg 600w\" sizes=\"auto, (max-width: 945px) 100vw, 945px\" \/><\/figure>\n\n\n\n<figure class=\"wp-block-image size-full\"><img loading=\"lazy\" decoding=\"async\" width=\"709\" height=\"709\" data-id=\"1306\" src=\"https:\/\/so-ceramic.fr\/wp-content\/uploads\/2025\/03\/SO_CERAMIC_PICTO_16.jpg\" alt=\"\" class=\"wp-image-1306\" srcset=\"https:\/\/so-ceramic.fr\/wp-content\/uploads\/2025\/03\/SO_CERAMIC_PICTO_16.jpg 709w, https:\/\/so-ceramic.fr\/wp-content\/uploads\/2025\/03\/SO_CERAMIC_PICTO_16-300x300.jpg 300w, https:\/\/so-ceramic.fr\/wp-content\/uploads\/2025\/03\/SO_CERAMIC_PICTO_16-150x150.jpg 150w, https:\/\/so-ceramic.fr\/wp-content\/uploads\/2025\/03\/SO_CERAMIC_PICTO_16-600x600.jpg 600w, https:\/\/so-ceramic.fr\/wp-content\/uploads\/2025\/03\/SO_CERAMIC_PICTO_16-100x100.jpg 100w\" sizes=\"auto, (max-width: 709px) 100vw, 709px\" \/><\/figure>\n<\/figure>\n<\/div>\n\n\n\n<div class=\"wp-block-column is-vertically-aligned-center is-layout-flow wp-block-column-is-layout-flow\" style=\"flex-basis:33.33%\">\n<div class=\"wp-block-columns is-layout-flex wp-container-core-columns-is-layout-28f84493 wp-block-columns-is-layout-flex\">\n<div class=\"wp-block-column is-layout-flow wp-block-column-is-layout-flow\" style=\"flex-basis:2.5rem\"><\/div>\n\n\n\n<div class=\"wp-block-column is-layout-flow wp-block-column-is-layout-flow\" style=\"flex-basis:100%\">\n<div class=\"wp-block-group has-global-padding is-layout-constrained wp-block-group-is-layout-constrained\">\n<h2 class=\"wp-block-heading\">Les initiations <\/h2>\n\n\n\n<p>D\u00e9couvrez l&rsquo;art de la c\u00e9ramique\u00a0avec nos\u00a0<strong>initiations cr\u00e9atives<\/strong>\u00a0con\u00e7ues pour les d\u00e9butant.e.s ! En 2h-2h30, apprenez les bases du\u00a0<strong>tournage<\/strong>\u00a0ou du\u00a0<strong>modelage<\/strong>\u00a0pour cr\u00e9er des pi\u00e8ces uniques. Petits groupes (5 \u00e0 8 personnes) pour un accompagnement personnalis\u00e9, avec mat\u00e9riel inclus. Apr\u00e8s l&rsquo;initiation, poursuivez votre apprentissage avec nos\u00a0<strong>cours hebdomadaires<\/strong>\u00a0ou\u00a0<strong>au trimestre<\/strong>. \ud83c\udf00<\/p>\n\n\n\n<div class=\"wp-block-buttons is-layout-flex wp-block-buttons-is-layout-flex\">\n<div class=\"wp-block-button is-style-outline is-style-outline--2\"><a class=\"wp-block-button__link wp-element-button\" href=\"\/index.php\/Initiation_Modelage\">Initiation Modelage<\/a><\/div>\n<\/div>\n\n\n\n<div class=\"wp-block-buttons is-layout-flex wp-block-buttons-is-layout-flex\">\n<div class=\"wp-block-button is-style-outline is-style-outline--3\"><a class=\"wp-block-button__link wp-element-button\" href=\"\/index.php\/Initiation_Tournage\">Initiation Tournage<\/a><\/div>\n<\/div>\n<\/div>\n<\/div>\n<\/div>\n<\/div>\n<\/div>\n\n\n\n<div style=\"height:5vh\" aria-hidden=\"true\" class=\"wp-block-spacer\"><\/div>\n\n\n\n<hr class=\"wp-block-separator has-text-color has-accent-border-color has-alpha-channel-opacity has-accent-border-background-color has-background is-style-wide\"\/>\n\n\n\n<div style=\"height:5vh\" aria-hidden=\"true\" class=\"wp-block-spacer\"><\/div>\n\n\n\n<div class=\"wp-block-media-text alignwide has-media-on-the-right is-stacked-on-mobile\" style=\"grid-template-columns:auto 58%\"><div class=\"wp-block-media-text__content\">\n<div class=\"wp-block-group has-global-padding is-content-justification-left is-layout-constrained wp-container-core-group-is-layout-dc37ffa9 wp-block-group-is-layout-constrained\">\n<h2 class=\"wp-block-heading\">Les cours enfants et duo <\/h2>\n\n\n\n<p>Offrez-vous un moment cr\u00e9atif en famille avec nos&nbsp;<strong>Cours Duo\/Enfants<\/strong>&nbsp;! Id\u00e9al d\u00e8s 6 ans, ces initiations ludiques permettent de d\u00e9couvrir des techniques de&nbsp;<strong>modelage<\/strong>&nbsp;(pastillage, colombin, pinc\u00e9) pour cr\u00e9er des objets comme des tasses, assiettes, ou d\u00e9corations murales. En <strong>1h30 \u00e0 2h30<\/strong>, partagez une activit\u00e9 unique dans un petit groupe de 6 \u00e0 8 personnes maximum. Nous nous chargeons de l\u2019\u00e9maillage et de la cuisson, et vos pi\u00e8ces seront pr\u00eates \u00e0 r\u00e9cup\u00e9rer sous un mois. Tout le mat\u00e9riel est inclus. \ud83d\udc68\u200d\ud83d\udc69\u200d\ud83d\udc67\u200d\ud83d\udc66&nbsp;<\/p>\n\n\n\n<div class=\"wp-block-buttons is-layout-flex wp-block-buttons-is-layout-flex\">\n<div class=\"wp-block-button is-style-outline is-style-outline--4\"><a class=\"wp-block-button__link wp-element-button\" href=\"\/index.php\/cours_duo\">Formule DUO<\/a><\/div>\n\n\n\n<div class=\"wp-block-button is-style-outline is-style-outline--5\"><a class=\"wp-block-button__link wp-element-button\" href=\"\/index.php\/cours_enfants\">Formule Enfants<\/a><\/div>\n<\/div>\n<\/div>\n<\/div><figure class=\"wp-block-media-text__media\"><img loading=\"lazy\" decoding=\"async\" width=\"1024\" height=\"683\" src=\"https:\/\/so-ceramic.fr\/wp-content\/uploads\/2025\/03\/128896-1024x683.jpg\" alt=\"\" class=\"wp-image-1336 size-full\" srcset=\"https:\/\/so-ceramic.fr\/wp-content\/uploads\/2025\/03\/128896-1024x683.jpg 1024w, https:\/\/so-ceramic.fr\/wp-content\/uploads\/2025\/03\/128896-300x200.jpg 300w, https:\/\/so-ceramic.fr\/wp-content\/uploads\/2025\/03\/128896-768x513.jpg 768w, https:\/\/so-ceramic.fr\/wp-content\/uploads\/2025\/03\/128896-1320x881.jpg 1320w, https:\/\/so-ceramic.fr\/wp-content\/uploads\/2025\/03\/128896-600x400.jpg 600w, https:\/\/so-ceramic.fr\/wp-content\/uploads\/2025\/03\/128896.jpg 1500w\" sizes=\"auto, (max-width: 1024px) 100vw, 1024px\" \/><\/figure><\/div>\n\n\n\n<div class=\"wp-block-group alignfull has-custom-so-ceramic-p-1-background-color has-background has-global-padding is-layout-constrained wp-block-group-is-layout-constrained\">\n<div style=\"height:5vh\" aria-hidden=\"true\" class=\"wp-block-spacer\"><\/div>\n\n\n\n<div class=\"wp-block-columns is-layout-flex wp-container-core-columns-is-layout-28f84493 wp-block-columns-is-layout-flex\">\n<div class=\"wp-block-column is-layout-flow wp-block-column-is-layout-flow\">\n<figure class=\"wp-block-image size-large\"><img loading=\"lazy\" decoding=\"async\" width=\"701\" height=\"1024\" src=\"https:\/\/so-ceramic.fr\/wp-content\/uploads\/2025\/03\/hand-painted-pottery-plate-701x1024.jpg\" alt=\"\" class=\"wp-image-1337\" style=\"aspect-ratio:4\/3;object-fit:cover\" srcset=\"https:\/\/so-ceramic.fr\/wp-content\/uploads\/2025\/03\/hand-painted-pottery-plate-701x1024.jpg 701w, https:\/\/so-ceramic.fr\/wp-content\/uploads\/2025\/03\/hand-painted-pottery-plate-205x300.jpg 205w, https:\/\/so-ceramic.fr\/wp-content\/uploads\/2025\/03\/hand-painted-pottery-plate-768x1123.jpg 768w, https:\/\/so-ceramic.fr\/wp-content\/uploads\/2025\/03\/hand-painted-pottery-plate-1051x1536.jpg 1051w, https:\/\/so-ceramic.fr\/wp-content\/uploads\/2025\/03\/hand-painted-pottery-plate-1401x2048.jpg 1401w, https:\/\/so-ceramic.fr\/wp-content\/uploads\/2025\/03\/hand-painted-pottery-plate-1320x1930.jpg 1320w, https:\/\/so-ceramic.fr\/wp-content\/uploads\/2025\/03\/hand-painted-pottery-plate-600x877.jpg 600w, https:\/\/so-ceramic.fr\/wp-content\/uploads\/2025\/03\/hand-painted-pottery-plate-scaled.jpg 1751w\" sizes=\"auto, (max-width: 701px) 100vw, 701px\" \/><\/figure>\n\n\n\n<div style=\"height:24px\" aria-hidden=\"true\" class=\"wp-block-spacer\"><\/div>\n\n\n\n<h3 class=\"wp-block-heading\">La peinture sur c\u00e9ramique <\/h3>\n\n\n\n<div style=\"height:24px\" aria-hidden=\"true\" class=\"wp-block-spacer\"><\/div>\n\n\n\n<p>Plongez dans un moment cr\u00e9atif et relaxant avec notre atelier de <strong>peinture sur c\u00e9ramique<\/strong>, ouvert \u00e0 <strong>tous les niveaux<\/strong>. En <strong>2h<\/strong> personnalisez tasses, assiettes ou vases gr\u00e2ce \u00e0 nos techniques et conseils. Est inclus : mat\u00e9riel, accompagnement et cuisson. Repartez avec une pi\u00e8ce unique et vivez une exp\u00e9rience conviviale en solo ou \u00e0 plusieurs. \ud83c\udfa8<\/p>\n\n\n\n<div style=\"height:24px\" aria-hidden=\"true\" class=\"wp-block-spacer\"><\/div>\n\n\n\n<div class=\"wp-block-buttons is-layout-flex wp-block-buttons-is-layout-flex\">\n<div class=\"wp-block-button is-style-outline is-style-outline--6\"><a class=\"wp-block-button__link wp-element-button\" href=\"\/index.php\/cours_peinture\">D\u00e9couvrez la peinture sur c\u00e9ramique<\/a><\/div>\n<\/div>\n\n\n\n<div style=\"height:24px\" aria-hidden=\"true\" class=\"wp-block-spacer\"><\/div>\n\n\n\n<hr class=\"wp-block-separator has-text-color has-accent-border-color has-alpha-channel-opacity has-accent-border-background-color has-background is-style-wide\"\/>\n<\/div>\n\n\n\n<div class=\"wp-block-column is-layout-flow wp-block-column-is-layout-flow\">\n<figure class=\"wp-block-image size-large\"><img loading=\"lazy\" decoding=\"async\" width=\"683\" height=\"1024\" src=\"https:\/\/so-ceramic.fr\/wp-content\/uploads\/2025\/06\/une-femme-patiente-qui-fait-de-la-poterie-683x1024.jpg\" alt=\"\" class=\"wp-image-1559\" style=\"aspect-ratio:4\/3;object-fit:cover\" srcset=\"https:\/\/so-ceramic.fr\/wp-content\/uploads\/2025\/06\/une-femme-patiente-qui-fait-de-la-poterie-683x1024.jpg 683w, https:\/\/so-ceramic.fr\/wp-content\/uploads\/2025\/06\/une-femme-patiente-qui-fait-de-la-poterie-200x300.jpg 200w, https:\/\/so-ceramic.fr\/wp-content\/uploads\/2025\/06\/une-femme-patiente-qui-fait-de-la-poterie-768x1152.jpg 768w, https:\/\/so-ceramic.fr\/wp-content\/uploads\/2025\/06\/une-femme-patiente-qui-fait-de-la-poterie-scaled.jpg 1707w\" sizes=\"auto, (max-width: 683px) 100vw, 683px\" \/><\/figure>\n\n\n\n<div style=\"height:24px\" aria-hidden=\"true\" class=\"wp-block-spacer\"><\/div>\n\n\n\n<h3 class=\"wp-block-heading\">Les ap\u00e9ros poterie et \u00e9v\u00e9nements priv\u00e9s <\/h3>\n\n\n\n<div style=\"height:24px\" aria-hidden=\"true\" class=\"wp-block-spacer\"><\/div>\n\n\n\n<p>Offrez-vous un instant hors du temps, les <strong>mains dans la terre et un verre \u00e0 la main.<\/strong> Durant <strong data-cur=\"cursor\">2h<\/strong><strong>0<\/strong><strong data-cur=\"cursor\">0<\/strong>, fa\u00e7onnez un duo de tasses au gr\u00e9 de votre imagination, dans une ambiance chaleureuse et \u00e9tendue. Tout est inclus, il ne vous reste qu&rsquo;\u00e0 savourer l&rsquo;instant. Vos cr\u00e9ations, sublim\u00e9es par l&rsquo;\u00e9maillage, vous attendront quelques semaines plus tard.\ud83c\udf79<\/p>\n\n\n\n<div style=\"height:24px\" aria-hidden=\"true\" class=\"wp-block-spacer\"><\/div>\n\n\n\n<div class=\"wp-block-buttons is-layout-flex wp-block-buttons-is-layout-flex\">\n<div class=\"wp-block-button is-style-outline is-style-outline--7\"><a class=\"wp-block-button__link wp-element-button\" href=\"\/index.php\/cours_aperos\">D\u00e9couvrez Soir\u00e9es sp\u00e9ciales chez So&rsquo; Ceramic<\/a><\/div>\n<\/div>\n\n\n\n<div style=\"height:24px\" aria-hidden=\"true\" class=\"wp-block-spacer\"><\/div>\n\n\n\n<hr class=\"wp-block-separator has-text-color has-accent-border-color has-alpha-channel-opacity has-accent-border-background-color has-background is-style-wide\"\/>\n<\/div>\n<\/div>\n<\/div>\n\n\n\n<div class=\"wp-block-media-text alignwide is-stacked-on-mobile\" style=\"grid-template-columns:58% auto\"><figure class=\"wp-block-media-text__media\"><img loading=\"lazy\" decoding=\"async\" width=\"1024\" height=\"561\" src=\"https:\/\/so-ceramic.fr\/wp-content\/uploads\/2025\/03\/SO_CERAMIC_PICTO_1-1024x561.jpg\" alt=\"\" class=\"wp-image-1291 size-full\" srcset=\"https:\/\/so-ceramic.fr\/wp-content\/uploads\/2025\/03\/SO_CERAMIC_PICTO_1-1024x561.jpg 1024w, https:\/\/so-ceramic.fr\/wp-content\/uploads\/2025\/03\/SO_CERAMIC_PICTO_1-300x164.jpg 300w, https:\/\/so-ceramic.fr\/wp-content\/uploads\/2025\/03\/SO_CERAMIC_PICTO_1-768x421.jpg 768w, https:\/\/so-ceramic.fr\/wp-content\/uploads\/2025\/03\/SO_CERAMIC_PICTO_1-600x329.jpg 600w, https:\/\/so-ceramic.fr\/wp-content\/uploads\/2025\/03\/SO_CERAMIC_PICTO_1.jpg 1181w\" sizes=\"auto, (max-width: 1024px) 100vw, 1024px\" \/><\/figure><div class=\"wp-block-media-text__content\">\n<div class=\"wp-block-group has-global-padding is-content-justification-left is-layout-constrained wp-container-core-group-is-layout-dc37ffa9 wp-block-group-is-layout-constrained\">\n<h2 class=\"wp-block-heading\">Abonnements<\/h2>\n\n\n\n<p><strong>En formule abonnement au mois et au trimestre<\/strong>&nbsp;:<\/p>\n\n\n\n<ul class=\"wp-block-list\">\n<li><strong>Cours au mois<\/strong>&nbsp;: 4 s\u00e9ances de&nbsp;<strong>2h30<\/strong>&nbsp;chaque semaine, soit&nbsp;<strong>10 heures de pratique<\/strong>&nbsp;par mois. Id\u00e9al pour ceux qui souhaitent progresser \u00e0 leur rythme et explorer les diff\u00e9rentes \u00e9tapes de la cr\u00e9ation en c\u00e9ramique. \u2728<\/li>\n\n\n\n<li><strong>Cours au trimestre<\/strong>&nbsp;: 12 s\u00e9ances de&nbsp;<strong>2h30<\/strong>&nbsp;sur 3 mois, offrant une progression plus approfondie. Parfait pour ceux qui souhaitent d\u00e9velopper leur technique et travailler sur des projets plus complexes. \u2728<\/li>\n<\/ul>\n\n\n\n<div class=\"wp-block-buttons is-layout-flex wp-block-buttons-is-layout-flex\">\n<div class=\"wp-block-button is-style-outline is-style-outline--8\"><a class=\"wp-block-button__link wp-element-button\" href=\"\/index.php\/cours_abonnements\">Explorez ces formules<\/a><\/div>\n<\/div>\n<\/div>\n<\/div><\/div>\n\n\n\n<div class=\"wp-block-group alignfull has-custom-so-ceramic-p-1-background-color has-background has-global-padding is-layout-constrained wp-block-group-is-layout-constrained\">\n<div style=\"height:24px\" aria-hidden=\"true\" class=\"wp-block-spacer\"><\/div>\n\n\n\n<div class=\"wp-block-media-text is-stacked-on-mobile\"><figure class=\"wp-block-media-text__media\"><img loading=\"lazy\" decoding=\"async\" width=\"1024\" height=\"684\" src=\"https:\/\/so-ceramic.fr\/wp-content\/uploads\/2025\/03\/Tournage-1024x684.jpg\" alt=\"\" class=\"wp-image-1358 size-full\" srcset=\"https:\/\/so-ceramic.fr\/wp-content\/uploads\/2025\/03\/Tournage-1024x684.jpg 1024w, https:\/\/so-ceramic.fr\/wp-content\/uploads\/2025\/03\/Tournage-300x200.jpg 300w, https:\/\/so-ceramic.fr\/wp-content\/uploads\/2025\/03\/Tournage-768x513.jpg 768w, https:\/\/so-ceramic.fr\/wp-content\/uploads\/2025\/03\/Tournage-1536x1025.jpg 1536w, https:\/\/so-ceramic.fr\/wp-content\/uploads\/2025\/03\/Tournage-1320x881.jpg 1320w, https:\/\/so-ceramic.fr\/wp-content\/uploads\/2025\/03\/Tournage-600x401.jpg 600w, https:\/\/so-ceramic.fr\/wp-content\/uploads\/2025\/03\/Tournage.jpg 2000w\" sizes=\"auto, (max-width: 1024px) 100vw, 1024px\" \/><\/figure><div class=\"wp-block-media-text__content\">\n<h1 class=\"wp-block-heading has-text-align-left has-primary-color has-text-color\">La pratique libre <\/h1>\n\n\n\n<p>Offrez-vous une&nbsp;<strong>libert\u00e9 totale<\/strong>&nbsp;dans la cr\u00e9ation avec notre formule de pratique libre. Disponible sur&nbsp;<strong>4 semaines<\/strong>, vous avez acc\u00e8s \u00e0&nbsp;<strong>10 kg de gr\u00e8s<\/strong>, au mat\u00e9riel de l&rsquo;atelier (outils, engobes, \u00e9maux) et \u00e0 la cuisson de vos pi\u00e8ces. Id\u00e9al pour ceux qui ma\u00eetrisent d\u00e9j\u00e0 les bases et souhaitent travailler \u00e0 leur propre rythme. La pratique libre vous permet de venir pratiquer quand vous le souhaitez pendant ces 4 semaines, selon vos disponibilit\u00e9s. <br>\ud83c\udf3f <\/p>\n\n\n\n<div class=\"wp-block-buttons is-layout-flex wp-block-buttons-is-layout-flex\">\n<div class=\"wp-block-button is-style-outline is-style-outline--9\"><a class=\"wp-block-button__link has-primary-color has-text-color wp-element-button\" href=\"\/index.php\/cours_libre\">Je me lance<\/a><\/div>\n<\/div>\n\n\n\n<div style=\"height:24px\" aria-hidden=\"true\" class=\"wp-block-spacer\"><\/div>\n\n\n\n<hr class=\"wp-block-separator has-text-color has-accent-border-color has-alpha-channel-opacity has-accent-border-background-color has-background is-style-wide\"\/>\n<\/div><\/div>\n<\/div>\n","protected":false},"excerpt":{"rendered":"<p>Les initiations D\u00e9couvrez l&rsquo;art de la c\u00e9ramique\u00a0avec nos\u00a0initiations cr\u00e9atives\u00a0con\u00e7ues pour les d\u00e9butant.e.s ! En 2h-2h30, apprenez les bases du\u00a0tournage\u00a0ou du\u00a0modelage\u00a0pour cr\u00e9er des pi\u00e8ces uniques. Petits groupes (5 \u00e0 8 personnes) pour un accompagnement personnalis\u00e9, avec mat\u00e9riel inclus. Apr\u00e8s l&rsquo;initiation, poursuivez votre apprentissage avec nos\u00a0cours hebdomadaires\u00a0ou\u00a0au trimestre. \ud83c\udf00 La peinture sur c\u00e9ramique Plongez dans un moment [&hellip;]<\/p>\n","protected":false},"author":1,"featured_media":0,"parent":0,"menu_order":0,"comment_status":"closed","ping_status":"closed","template":"page-blank-transparent-lite","meta":{"footnotes":""},"class_list":["post-1331","page","type-page","status-publish","hentry"],"_links":{"self":[{"href":"https:\/\/so-ceramic.fr\/index.php\/wp-json\/wp\/v2\/pages\/1331","targetHints":{"allow":["GET"]}}],"collection":[{"href":"https:\/\/so-ceramic.fr\/index.php\/wp-json\/wp\/v2\/pages"}],"about":[{"href":"https:\/\/so-ceramic.fr\/index.php\/wp-json\/wp\/v2\/types\/page"}],"author":[{"embeddable":true,"href":"https:\/\/so-ceramic.fr\/index.php\/wp-json\/wp\/v2\/users\/1"}],"replies":[{"embeddable":true,"href":"https:\/\/so-ceramic.fr\/index.php\/wp-json\/wp\/v2\/comments?post=1331"}],"version-history":[{"count":31,"href":"https:\/\/so-ceramic.fr\/index.php\/wp-json\/wp\/v2\/pages\/1331\/revisions"}],"predecessor-version":[{"id":1870,"href":"https:\/\/so-ceramic.fr\/index.php\/wp-json\/wp\/v2\/pages\/1331\/revisions\/1870"}],"wp:attachment":[{"href":"https:\/\/so-ceramic.fr\/index.php\/wp-json\/wp\/v2\/media?parent=1331"}],"curies":[{"name":"wp","href":"https:\/\/api.w.org\/{rel}","templated":true}]}}